{"id":28537,"date":"2025-08-23T07:25:29","date_gmt":"2025-08-23T05:25:29","guid":{"rendered":"https:\/\/kusaona.gospodarstvo-ferbezar.com\/?page_id=28537"},"modified":"2025-08-23T09:07:25","modified_gmt":"2025-08-23T07:07:25","slug":"contact","status":"publish","type":"page","link":"https:\/\/kusaona.gospodarstvo-ferbezar.com\/en\/contact\/","title":{"rendered":"CONTACT"},"content":{"rendered":"\t\t<div data-elementor-type=\"wp-page\" data-elementor-id=\"28537\" class=\"elementor elementor-28537 elementor-4439\">\n\t\t\t\t<div class=\"elementor-element elementor-element-68d0e93 wd-section-stretch-content e-flex e-con-boxed e-con e-parent\" data-id=\"68d0e93\" data-element_type=\"container\">\n\t\t\t\t\t<div class=\"e-con-inner\">\n\t\t\t\t<div class=\"elementor-element elementor-element-8e103a0 wd-width-100 elementor-widget elementor-widget-wd_open_street_map\" data-id=\"8e103a0\" data-element_type=\"widget\" data-settings=\"{&quot;_animation&quot;:&quot;none&quot;}\" data-widget_type=\"wd_open_street_map.default\">\n\t\t\t\t<div class=\"elementor-widget-container\">\n\t\t\t\t\t\t\t<div class=\"wd-osm-map-container wd-map-container map-container-with-content\" style=\"--wd-justify-content: left; --wd-align-items: start;\">\n\t\t\t<div id=\"wd-osm-map-8e103a0\" class=\"wd-osm-map-wrapper wd-map-wrapper\" data-settings=\"{&quot;zoom&quot;:15,&quot;iconUrl&quot;:&quot;https:\\\/\\\/kusaona.gospodarstvo-ferbezar.com\\\/wp-content\\\/themes\\\/woodmart\\\/images\\\/icons\\\/marker-icon.png&quot;,&quot;scrollWheelZoom&quot;:&quot;no&quot;,&quot;zoomControl&quot;:&quot;yes&quot;,&quot;dragging&quot;:&quot;yes&quot;,&quot;geoapify_tile&quot;:&quot;osm-carto&quot;,&quot;markers&quot;:[{&quot;marker&quot;:{&quot;_id&quot;:&quot;da89d37&quot;,&quot;marker_coords&quot;:&quot;45.143628456167555, 18.89478032651155&quot;,&quot;marker_title&quot;:&quot;KU\\u0160AONA OPG FERBE\\u017dAR&quot;,&quot;marker_description&quot;:&quot;&quot;,&quot;marker_behavior&quot;:&quot;popup&quot;,&quot;show_button&quot;:&quot;no&quot;,&quot;button_text&quot;:null,&quot;button_url&quot;:null,&quot;button_url_target&quot;:null,&quot;image&quot;:{&quot;url&quot;:&quot;&quot;,&quot;id&quot;:&quot;&quot;,&quot;size&quot;:&quot;&quot;},&quot;image_size&quot;:[],&quot;image_custom_dimension&quot;:null},&quot;lat&quot;:&quot;45.143628456167555&quot;,&quot;lng&quot;:&quot; 18.89478032651155&quot;}],&quot;center&quot;:&quot;45.143628456168,18.894780326512&quot;,&quot;init_type&quot;:&quot;page_load&quot;}\"><\/div>\n\n\t\t\t\n\t\t\t\n\t\t\t\t\t\t\t<div class=\"wd-osm-map-content-wrap wd-map-content-wrap wd-fill\">\n\t\t\t\t\t<div class=\"wd-osm-map-content wd-map-content wd-entry-content\">\n\t\t\t\t\t\t\t\t\t\t\t\t\t<p class=\"p1\">TASTING ROOM OPG FERBE\u017dAR<\/p>\n<p><span class=\"wd-list-content list-content\">Rudine Markovac 2, 32252 Otok, Croatia<\/span><\/p>\n<p><span class=\"wd-list-content list-content\">Tel: 098 952 9539<br \/><\/span><span class=\"wd-list-content list-content\">Tel: 099 206 7177<\/span><\/p>\n<p><span class=\"wd-list-content list-content\"><br \/>Mail:<br \/><\/span><a href=\"mailto:kusaona.ferbezar@gmail.com\">kusaona.ferbezar@gmail.com<\/a><\/p>\n<div class=\"footer-column footer-column-2 col-12 col-sm-4 col-lg-3\">\n<div id=\"text-3\" class=\"wd-widget widget footer-widget widget_text\">\u00a0<\/div>\n<\/div>\n\t\t\t\t\t\t\t\t\t\t\t<\/div>\n\t\t\t\t<\/div>\n\t\t\t\t\t<\/div>\n\t\t\t\t\t\t<\/div>\n\t\t\t\t<\/div>\n\t\t\t\t\t<\/div>\n\t\t\t\t<\/div>\n\t\t<div class=\"wd-negative-gap elementor-element elementor-element-cb322d0 e-flex e-con-boxed e-con e-parent\" data-id=\"cb322d0\" data-element_type=\"container\">\n\t\t\t\t\t<div class=\"e-con-inner\">\n\t\t<div class=\"elementor-element elementor-element-1f0abe4 e-con-full e-flex e-con e-child\" data-id=\"1f0abe4\" data-element_type=\"container\">\n\t\t\t\t<div class=\"elementor-element elementor-element-0bf0820 elementor-widget elementor-widget-wd_image_or_svg\" data-id=\"0bf0820\" data-element_type=\"widget\" data-widget_type=\"wd_image_or_svg.default\">\n\t\t\t\t<div class=\"elementor-widget-container\">\n\t\t\t\t\t\n\t\t<div class=\"wd-image text-center\">\n\t\t\t\t\t\t\t\t<img decoding=\"async\" width=\"150\" height=\"150\" src=\"https:\/\/kusaona.gospodarstvo-ferbezar.com\/wp-content\/uploads\/2021\/09\/logo_200-150x150.png\" class=\"attachment-thumbnail size-thumbnail\" alt=\"\" \/>\t\t\t\t\t<\/div>\n\n\t\t\t\t\t\t<\/div>\n\t\t\t\t<\/div>\n\t\t\t\t<div class=\"elementor-element elementor-element-696cec5 color-scheme-inherit text-left elementor-invisible elementor-widget elementor-widget-text-editor\" data-id=\"696cec5\" data-element_type=\"widget\" data-settings=\"{&quot;_animation&quot;:&quot;fadeInLeft&quot;}\" data-widget_type=\"text-editor.default\">\n\t\t\t\t<div class=\"elementor-widget-container\">\n\t\t\t\t\t\t\t\t\t<p><span class=\"wd-list-content list-content\">TASTING ROOM OPG FERBE\u017dAR<\/span><\/p><p><span class=\"wd-list-content list-content\">Rudine Markovac 2, 32252 Otok, Croatia<\/span><\/p><p><span class=\"wd-list-content list-content\">Tel: 098 952 9539<br \/><\/span><span class=\"wd-list-content list-content\">Tel: 099 206 7177<\/span><span class=\"wd-list-content list-content\">\u00a0<\/span><\/p><p><span class=\"wd-list-content list-content\"><br \/>Mail:<br \/><\/span><a href=\"mailto:kusaona.ferbezar@gmail.com\">kusaona.ferbezar@gmail.com<\/a><\/p><div class=\"footer-column footer-column-2 col-12 col-sm-4 col-lg-3\"><div id=\"text-3\" class=\"wd-widget widget footer-widget widget_text\">\u00a0<\/div><\/div>\t\t\t\t\t\t\t\t<\/div>\n\t\t\t\t<\/div>\n\t\t\t\t<\/div>\n\t\t<div class=\"elementor-element elementor-element-789122a e-con-full e-flex e-con e-child\" data-id=\"789122a\" data-element_type=\"container\">\n\t\t\t\t<div class=\"elementor-element elementor-element-775ddc4 wd-width-100 elementor-widget elementor-widget-wd_title\" data-id=\"775ddc4\" data-element_type=\"widget\" data-widget_type=\"wd_title.default\">\n\t\t\t\t<div class=\"elementor-widget-container\">\n\t\t\t\t\t\t\t<div class=\"title-wrapper wd-set-mb reset-last-child wd-title-color-default wd-title-style-default wd-title-size-default text-left\">\n\n\t\t\t\n\t\t\t<div class=\"liner-continer\">\n\t\t\t\t<h4 class=\"woodmart-title-container title wd-fontsize-l\">CONTACT US FOR ANY QUESTIONS<\/h4> \n\t\t\t\t\t\t\t<\/div>\n\n\t\t\t\t\t<\/div>\n\t\t\t\t\t\t<\/div>\n\t\t\t\t<\/div>\n\t\t\t\t<div class=\"elementor-element elementor-element-3c67846 wd-cf7 elementor-invisible elementor-widget elementor-widget-wd_contact_form_7\" data-id=\"3c67846\" data-element_type=\"widget\" data-settings=\"{&quot;_animation&quot;:&quot;fadeInLeft&quot;}\" data-widget_type=\"wd_contact_form_7.default\">\n\t\t\t\t<div class=\"elementor-widget-container\">\n\t\t\t\t\t\n<div class=\"wpcf7 no-js\" id=\"wpcf7-f16785-o1\" lang=\"en-US\" dir=\"ltr\" data-wpcf7-id=\"16785\">\n<div class=\"screen-reader-response\"><p role=\"status\" aria-live=\"polite\" aria-atomic=\"true\"><\/p> <ul><\/ul><\/div>\n<form action=\"\/en\/wp-json\/wp\/v2\/pages\/28537#wpcf7-f16785-o1\" method=\"post\" class=\"wpcf7-form init\" aria-label=\"Contact form\" novalidate=\"novalidate\" data-status=\"init\">\n<fieldset class=\"hidden-fields-container\"><input type=\"hidden\" name=\"_wpcf7\" value=\"16785\" \/><input type=\"hidden\" name=\"_wpcf7_version\" value=\"6.1.5\" \/><input type=\"hidden\" name=\"_wpcf7_locale\" value=\"en_US\" \/><input type=\"hidden\" name=\"_wpcf7_unit_tag\" value=\"wpcf7-f16785-o1\" \/><input type=\"hidden\" name=\"_wpcf7_container_post\" value=\"0\" \/><input type=\"hidden\" name=\"_wpcf7_posted_data_hash\" value=\"\" \/>\n<\/fieldset>\n<div class=\"row\">\n\t<p class=\"col-md-6\"><label>Name and surname<\/label><span class=\"wpcf7-form-control-wrap\" data-name=\"your-name\"><input size=\"40\" maxlength=\"400\" class=\"wpcf7-form-control wpcf7-text wpcf7-validates-as-required\" aria-required=\"true\" aria-invalid=\"false\" value=\"\" type=\"text\" name=\"your-name\" \/><\/span>\n\t<\/p>\n\t<p class=\"col-md-6\"><label>E-mail<\/label><span class=\"wpcf7-form-control-wrap\" data-name=\"your-email\"><input size=\"40\" maxlength=\"400\" class=\"wpcf7-form-control wpcf7-email wpcf7-validates-as-required wpcf7-text wpcf7-validates-as-email\" aria-required=\"true\" aria-invalid=\"false\" value=\"\" type=\"email\" name=\"your-email\" \/><\/span>\n\t<\/p>\n<\/div>\n<div class=\"row\">\n\t<p class=\"col-md-6\"><label>Phone number<\/label><span class=\"wpcf7-form-control-wrap\" data-name=\"tel-767\"><input size=\"40\" maxlength=\"400\" class=\"wpcf7-form-control wpcf7-tel wpcf7-text wpcf7-validates-as-tel\" aria-invalid=\"false\" value=\"\" type=\"tel\" name=\"tel-767\" \/><\/span>\n\t<\/p>\n\t<p class=\"col-md-6\"><label>Company<\/label><span class=\"wpcf7-form-control-wrap\" data-name=\"text-1\"><input size=\"40\" maxlength=\"400\" class=\"wpcf7-form-control wpcf7-text\" aria-invalid=\"false\" value=\"\" type=\"text\" name=\"text-1\" \/><\/span>\n\t<\/p>\n<\/div>\n<p><label>Message<\/label><span class=\"wpcf7-form-control-wrap\" data-name=\"your-message\"><textarea cols=\"40\" rows=\"10\" maxlength=\"2000\" class=\"wpcf7-form-control wpcf7-textarea\" aria-invalid=\"false\" name=\"your-message\"><\/textarea><\/span>\n<\/p>\n<p><input class=\"wpcf7-form-control wpcf7-submit has-spinner btn-color-black\" type=\"submit\" value=\"Send\" \/>\n<\/p><div class=\"wpcf7-response-output\" aria-hidden=\"true\"><\/div>\n<\/form>\n<\/div>\n\t\t\t\t<\/div>\n\t\t\t\t<\/div>\n\t\t\t\t<\/div>\n\t\t\t\t\t<\/div>\n\t\t\t\t<\/div>\n\t\t<div class=\"wd-negative-gap elementor-element elementor-element-eedc7ef wd-section-stretch-content e-flex e-con-boxed e-con e-parent\" data-id=\"eedc7ef\" data-element_type=\"container\">\n\t\t\t\t\t<div class=\"e-con-inner\">\n\t\t<div class=\"elementor-element elementor-element-f9d04c8 color-scheme-light e-con-full e-flex e-con e-child\" data-id=\"f9d04c8\" data-element_type=\"container\" data-settings=\"{&quot;background_background&quot;:&quot;classic&quot;}\">\n\t\t\t\t<div class=\"elementor-element elementor-element-b9068d5 elementor-widget elementor-widget-wd_image_or_svg\" data-id=\"b9068d5\" data-element_type=\"widget\" data-widget_type=\"wd_image_or_svg.default\">\n\t\t\t\t<div class=\"elementor-widget-container\">\n\t\t\t\t\t\n\t\t<div class=\"wd-image text-center\">\n\t\t\t\t\t\t\t\t\t\t\t\t\t<\/div>\n\n\t\t\t\t\t\t<\/div>\n\t\t\t\t<\/div>\n\t\t\t\t<div class=\"elementor-element elementor-element-2b06eed elementor-widget elementor-widget-wd_text_block\" data-id=\"2b06eed\" data-element_type=\"widget\" data-widget_type=\"wd_text_block.default\">\n\t\t\t\t<div class=\"elementor-widget-container\">\n\t\t\t\t\t\t\t<div class=\"wd-text-block reset-last-child text-center color-title color-scheme-light\">\n\t\t\t\n\t\t\t<p>Visits are possible by prior arrangement<\/p>\n\t\t\t\t\t<\/div>\n\t\t\t\t\t\t<\/div>\n\t\t\t\t<\/div>\n\t\t\t\t<div class=\"elementor-element elementor-element-ffb86cd wd-width-100 elementor-widget elementor-widget-wd_title\" data-id=\"ffb86cd\" data-element_type=\"widget\" data-widget_type=\"wd_title.default\">\n\t\t\t\t<div class=\"elementor-widget-container\">\n\t\t\t\t\t\t\t<div class=\"title-wrapper wd-set-mb reset-last-child wd-title-color-default wd-title-style-default wd-title-size-default text-center\">\n\n\t\t\t\n\t\t\t<div class=\"liner-continer\">\n\t\t\t\t<h4 class=\"woodmart-title-container title wd-fontsize-l\">Book your <strong>appointment<\/strong><\/h4> \n\t\t\t\t\t\t\t<\/div>\n\n\t\t\t\t\t\t\t<div class=\"title-after_title reset-last-child wd-fontsize-xs\">\n\t\t\t\t\t<p>Reservation is possible only for groups of at least 10 people<\/p>\t\t\t\t<\/div>\n\t\t\t\t\t<\/div>\n\t\t\t\t\t\t<\/div>\n\t\t\t\t<\/div>\n\t\t\t\t<div class=\"elementor-element elementor-element-2ec9f7f wd-cf7 elementor-widget elementor-widget-wd_contact_form_7\" data-id=\"2ec9f7f\" data-element_type=\"widget\" data-widget_type=\"wd_contact_form_7.default\">\n\t\t\t\t<div class=\"elementor-widget-container\">\n\t\t\t\t\t\n<div class=\"wpcf7 no-js\" id=\"wpcf7-f28502-o2\" lang=\"en-US\" dir=\"ltr\" data-wpcf7-id=\"28502\">\n<div class=\"screen-reader-response\"><p role=\"status\" aria-live=\"polite\" aria-atomic=\"true\"><\/p> <ul><\/ul><\/div>\n<form action=\"\/en\/wp-json\/wp\/v2\/pages\/28537#wpcf7-f28502-o2\" method=\"post\" class=\"wpcf7-form init\" aria-label=\"Contact form\" novalidate=\"novalidate\" data-status=\"init\">\n<fieldset class=\"hidden-fields-container\"><input type=\"hidden\" name=\"_wpcf7\" value=\"28502\" \/><input type=\"hidden\" name=\"_wpcf7_version\" value=\"6.1.5\" \/><input type=\"hidden\" name=\"_wpcf7_locale\" value=\"en_US\" \/><input type=\"hidden\" name=\"_wpcf7_unit_tag\" value=\"wpcf7-f28502-o2\" \/><input type=\"hidden\" name=\"_wpcf7_container_post\" value=\"0\" \/><input type=\"hidden\" name=\"_wpcf7_posted_data_hash\" value=\"\" \/>\n<\/fieldset>\n<div class=\"wd-grid-g\">\n\t<div class=\"wd-grid-f-stretch\">\n\t\t<div class=\"wd-col\">\n\t\t\t<p>Date<br \/>\n<span class=\"wpcf7-form-control-wrap\" data-name=\"date\"><input class=\"wpcf7-form-control wpcf7-date wpcf7-validates-as-required wpcf7-validates-as-date form-control\" min=\"2026-04-15\" aria-required=\"true\" aria-invalid=\"false\" value=\"\" type=\"date\" name=\"date\" \/><\/span>\n\t\t\t<\/p>\n\t\t<\/div>\n\t\t<div class=\"wd-col\">\n\t\t\t<p>Number of people<br \/>\n<span class=\"wpcf7-form-control-wrap\" data-name=\"people\"><select class=\"wpcf7-form-control wpcf7-select wpcf7-validates-as-required form-control\" aria-required=\"true\" aria-invalid=\"false\" name=\"people\"><option value=\"10\">10<\/option><option value=\"11\">11<\/option><option value=\"12\">12<\/option><option value=\"13\">13<\/option><option value=\"14\">14<\/option><option value=\"15\">15<\/option><option value=\"16\">16<\/option><option value=\"17\">17<\/option><option value=\"18\">18<\/option><option value=\"19\">19<\/option><option value=\"20\">20<\/option><option value=\"21\">21<\/option><option value=\"22\">22<\/option><option value=\"23\">23<\/option><option value=\"24\">24<\/option><option value=\"25\">25<\/option><option value=\"26\">26<\/option><option value=\"27\">27<\/option><option value=\"28\">28<\/option><option value=\"29\">29<\/option><option value=\"30\">30<\/option><\/select><\/span>\n\t\t\t<\/p>\n\t\t<\/div>\n\t\t<div class=\"wd-col\">\n\t\t\t<p>Time<br \/>\n<span class=\"wpcf7-form-control-wrap\" data-name=\"time\"><select class=\"wpcf7-form-control wpcf7-select wpcf7-validates-as-required form-control\" aria-required=\"true\" aria-invalid=\"false\" name=\"time\"><option value=\"7:00\">7:00<\/option><option value=\"8:00\">8:00<\/option><option value=\"9:00\">9:00<\/option><option value=\"10:00\">10:00<\/option><option value=\"11:00\">11:00<\/option><option value=\"12:00\">12:00<\/option><option value=\"13:00\">13:00<\/option><option value=\"14:00\">14:00<\/option><option value=\"15:00\">15:00<\/option><option value=\"16:00\">16:00<\/option><option value=\"17:00\">17:00<\/option><option value=\"18:00\">18:00<\/option><option value=\"19:00\">19:00<\/option><option value=\"20:00\">20:00<\/option><\/select><\/span>\n\t\t\t<\/p>\n\t\t<\/div>\n\t<\/div>\n\t<div class=\"wd-grid-f-stretch\">\n\t\t<div class=\"wd-col\">\n\t\t\t<p>Full name<br \/>\n<span class=\"wpcf7-form-control-wrap\" data-name=\"fullname\"><input size=\"40\" maxlength=\"400\" class=\"wpcf7-form-control wpcf7-text wpcf7-validates-as-required form-control\" aria-required=\"true\" aria-invalid=\"false\" placeholder=\"Your full name\" value=\"\" type=\"text\" name=\"fullname\" \/><\/span>\n\t\t\t<\/p>\n\t\t<\/div>\n\t\t<div class=\"wd-col\">\n\t\t\t<p>E-mail<br \/>\n<span class=\"wpcf7-form-control-wrap\" data-name=\"your-email\"><input size=\"40\" maxlength=\"400\" class=\"wpcf7-form-control wpcf7-email wpcf7-validates-as-required wpcf7-text wpcf7-validates-as-email form-control\" aria-required=\"true\" aria-invalid=\"false\" placeholder=\"Your e-mail\" value=\"\" type=\"email\" name=\"your-email\" \/><\/span>\n\t\t\t<\/p>\n\t\t<\/div>\n\t\t<div class=\"wd-col\">\n\t\t\t<p>Phone<br \/>\n<span class=\"wpcf7-form-control-wrap\" data-name=\"phone\"><input size=\"40\" maxlength=\"400\" class=\"wpcf7-form-control wpcf7-tel wpcf7-text wpcf7-validates-as-tel form-control\" aria-invalid=\"false\" placeholder=\"Your phone (optional)\" value=\"\" type=\"tel\" name=\"phone\" \/><\/span>\n\t\t\t<\/p>\n\t\t<\/div>\n\t<\/div>\n\t<div class=\"wd-col\">\n\t\t<p>Message<br \/>\n<span class=\"wpcf7-form-control-wrap\" data-name=\"message\"><textarea cols=\"40\" rows=\"10\" maxlength=\"2000\" class=\"wpcf7-form-control wpcf7-textarea form-control\" aria-invalid=\"false\" placeholder=\"Additional notes (optional)\" name=\"message\"><\/textarea><\/span>\n\t\t<\/p>\n\t<\/div>\n\t<div class=\"wd-col text-center\">\n\t\t<p><input class=\"wpcf7-form-control wpcf7-submit has-spinner btn btn-color-primary\" type=\"submit\" value=\"Book now\" \/>\n\t\t<\/p>\n\t<\/div>\n<\/div><div class=\"wpcf7-response-output\" aria-hidden=\"true\"><\/div>\n<\/form>\n<\/div>\n\t\t\t\t<\/div>\n\t\t\t\t<\/div>\n\t\t\t\t<\/div>\n\t\t\t\t\t<\/div>\n\t\t\t\t<\/div>\n\t\t\t\t<\/div>\n\t\t","protected":false},"excerpt":{"rendered":"<p>TASTING ROOM OPG FERBE\u017dAR Rudine Markovac 2, 32252 Otok, Croatia Tel: 098 952 9539Tel: 099 206 7177 Mail:kusaona.ferbezar@gmail.com \u00a0 TASTING<\/p>\n","protected":false},"author":1,"featured_media":0,"parent":0,"menu_order":4,"comment_status":"closed","ping_status":"closed","template":"","meta":{"footnotes":""},"class_list":["post-28537","page","type-page","status-publish","hentry"],"yoast_head":"<!-- This site is optimized with the Yoast SEO plugin v27.2 - https:\/\/yoast.com\/product\/yoast-seo-wordpress\/ -->\n<title>CONTACT - KU\u0160AONA OPG FERBE\u017dAR<\/title>\n<meta name=\"robots\" content=\"index, follow, max-snippet:-1, max-image-preview:large, max-video-preview:-1\" \/>\n<link rel=\"canonical\" href=\"https:\/\/kusaona.gospodarstvo-ferbezar.com\/en\/contact\/\" \/>\n<meta property=\"og:locale\" content=\"en_US\" \/>\n<meta property=\"og:type\" content=\"article\" \/>\n<meta property=\"og:title\" content=\"CONTACT - KU\u0160AONA OPG FERBE\u017dAR\" \/>\n<meta property=\"og:description\" content=\"TASTING ROOM OPG FERBE\u017dAR Rudine Markovac 2, 32252 Otok, Croatia Tel: 098 952 9539Tel: 099 206 7177 Mail:kusaona.ferbezar@gmail.com \u00a0 TASTING\" \/>\n<meta property=\"og:url\" content=\"https:\/\/kusaona.gospodarstvo-ferbezar.com\/en\/contact\/\" \/>\n<meta property=\"og:site_name\" content=\"KU\u0160AONA OPG FERBE\u017dAR\" \/>\n<meta property=\"article:modified_time\" content=\"2025-08-23T07:07:25+00:00\" \/>\n<meta property=\"og:image\" content=\"https:\/\/kusaona.gospodarstvo-ferbezar.com\/wp-content\/uploads\/2021\/09\/logo_200-150x150.png\" \/>\n<meta name=\"twitter:card\" content=\"summary_large_image\" \/>\n<script type=\"application\/ld+json\" class=\"yoast-schema-graph\">{\"@context\":\"https:\/\/schema.org\",\"@graph\":[{\"@type\":\"WebPage\",\"@id\":\"https:\/\/kusaona.gospodarstvo-ferbezar.com\/en\/contact\/\",\"url\":\"https:\/\/kusaona.gospodarstvo-ferbezar.com\/en\/contact\/\",\"name\":\"CONTACT - KU\u0160AONA OPG FERBE\u017dAR\",\"isPartOf\":{\"@id\":\"https:\/\/kusaona.gospodarstvo-ferbezar.com\/#website\"},\"primaryImageOfPage\":{\"@id\":\"https:\/\/kusaona.gospodarstvo-ferbezar.com\/en\/contact\/#primaryimage\"},\"image\":{\"@id\":\"https:\/\/kusaona.gospodarstvo-ferbezar.com\/en\/contact\/#primaryimage\"},\"thumbnailUrl\":\"https:\/\/kusaona.gospodarstvo-ferbezar.com\/wp-content\/uploads\/2021\/09\/logo_200-150x150.png\",\"datePublished\":\"2025-08-23T05:25:29+00:00\",\"dateModified\":\"2025-08-23T07:07:25+00:00\",\"breadcrumb\":{\"@id\":\"https:\/\/kusaona.gospodarstvo-ferbezar.com\/en\/contact\/#breadcrumb\"},\"inLanguage\":\"en-US\",\"potentialAction\":[{\"@type\":\"ReadAction\",\"target\":[\"https:\/\/kusaona.gospodarstvo-ferbezar.com\/en\/contact\/\"]}]},{\"@type\":\"ImageObject\",\"inLanguage\":\"en-US\",\"@id\":\"https:\/\/kusaona.gospodarstvo-ferbezar.com\/en\/contact\/#primaryimage\",\"url\":\"https:\/\/kusaona.gospodarstvo-ferbezar.com\/wp-content\/uploads\/2021\/09\/logo_200-150x150.png\",\"contentUrl\":\"https:\/\/kusaona.gospodarstvo-ferbezar.com\/wp-content\/uploads\/2021\/09\/logo_200-150x150.png\"},{\"@type\":\"BreadcrumbList\",\"@id\":\"https:\/\/kusaona.gospodarstvo-ferbezar.com\/en\/contact\/#breadcrumb\",\"itemListElement\":[{\"@type\":\"ListItem\",\"position\":1,\"name\":\"Home\",\"item\":\"https:\/\/kusaona.gospodarstvo-ferbezar.com\/\"},{\"@type\":\"ListItem\",\"position\":2,\"name\":\"CONTACT\"}]},{\"@type\":\"WebSite\",\"@id\":\"https:\/\/kusaona.gospodarstvo-ferbezar.com\/#website\",\"url\":\"https:\/\/kusaona.gospodarstvo-ferbezar.com\/\",\"name\":\"OPG FERBE\u017dAR\",\"description\":\"Ku\u0161aona, OPG, gospodarstvo, uzgoj, doma\u0107a hrana\",\"publisher\":{\"@id\":\"https:\/\/kusaona.gospodarstvo-ferbezar.com\/#organization\"},\"potentialAction\":[{\"@type\":\"SearchAction\",\"target\":{\"@type\":\"EntryPoint\",\"urlTemplate\":\"https:\/\/kusaona.gospodarstvo-ferbezar.com\/?s={search_term_string}\"},\"query-input\":{\"@type\":\"PropertyValueSpecification\",\"valueRequired\":true,\"valueName\":\"search_term_string\"}}],\"inLanguage\":\"en-US\"},{\"@type\":\"Organization\",\"@id\":\"https:\/\/kusaona.gospodarstvo-ferbezar.com\/#organization\",\"name\":\"OPG FERBE\u017dAR\",\"url\":\"https:\/\/kusaona.gospodarstvo-ferbezar.com\/\",\"logo\":{\"@type\":\"ImageObject\",\"inLanguage\":\"en-US\",\"@id\":\"https:\/\/kusaona.gospodarstvo-ferbezar.com\/#\/schema\/logo\/image\/\",\"url\":\"https:\/\/kusaona.gospodarstvo-ferbezar.com\/wp-content\/uploads\/2021\/09\/logo_200.png\",\"contentUrl\":\"https:\/\/kusaona.gospodarstvo-ferbezar.com\/wp-content\/uploads\/2021\/09\/logo_200.png\",\"width\":231,\"height\":200,\"caption\":\"OPG FERBE\u017dAR\"},\"image\":{\"@id\":\"https:\/\/kusaona.gospodarstvo-ferbezar.com\/#\/schema\/logo\/image\/\"}}]}<\/script>\n<!-- \/ Yoast SEO plugin. -->","yoast_head_json":{"title":"CONTACT - KU\u0160AONA OPG FERBE\u017dAR","robots":{"index":"index","follow":"follow","max-snippet":"max-snippet:-1","max-image-preview":"max-image-preview:large","max-video-preview":"max-video-preview:-1"},"canonical":"https:\/\/kusaona.gospodarstvo-ferbezar.com\/en\/contact\/","og_locale":"en_US","og_type":"article","og_title":"CONTACT - KU\u0160AONA OPG FERBE\u017dAR","og_description":"TASTING ROOM OPG FERBE\u017dAR Rudine Markovac 2, 32252 Otok, Croatia Tel: 098 952 9539Tel: 099 206 7177 Mail:kusaona.ferbezar@gmail.com \u00a0 TASTING","og_url":"https:\/\/kusaona.gospodarstvo-ferbezar.com\/en\/contact\/","og_site_name":"KU\u0160AONA OPG FERBE\u017dAR","article_modified_time":"2025-08-23T07:07:25+00:00","og_image":[{"url":"https:\/\/kusaona.gospodarstvo-ferbezar.com\/wp-content\/uploads\/2021\/09\/logo_200-150x150.png","type":"","width":"","height":""}],"twitter_card":"summary_large_image","schema":{"@context":"https:\/\/schema.org","@graph":[{"@type":"WebPage","@id":"https:\/\/kusaona.gospodarstvo-ferbezar.com\/en\/contact\/","url":"https:\/\/kusaona.gospodarstvo-ferbezar.com\/en\/contact\/","name":"CONTACT - KU\u0160AONA OPG FERBE\u017dAR","isPartOf":{"@id":"https:\/\/kusaona.gospodarstvo-ferbezar.com\/#website"},"primaryImageOfPage":{"@id":"https:\/\/kusaona.gospodarstvo-ferbezar.com\/en\/contact\/#primaryimage"},"image":{"@id":"https:\/\/kusaona.gospodarstvo-ferbezar.com\/en\/contact\/#primaryimage"},"thumbnailUrl":"https:\/\/kusaona.gospodarstvo-ferbezar.com\/wp-content\/uploads\/2021\/09\/logo_200-150x150.png","datePublished":"2025-08-23T05:25:29+00:00","dateModified":"2025-08-23T07:07:25+00:00","breadcrumb":{"@id":"https:\/\/kusaona.gospodarstvo-ferbezar.com\/en\/contact\/#breadcrumb"},"inLanguage":"en-US","potentialAction":[{"@type":"ReadAction","target":["https:\/\/kusaona.gospodarstvo-ferbezar.com\/en\/contact\/"]}]},{"@type":"ImageObject","inLanguage":"en-US","@id":"https:\/\/kusaona.gospodarstvo-ferbezar.com\/en\/contact\/#primaryimage","url":"https:\/\/kusaona.gospodarstvo-ferbezar.com\/wp-content\/uploads\/2021\/09\/logo_200-150x150.png","contentUrl":"https:\/\/kusaona.gospodarstvo-ferbezar.com\/wp-content\/uploads\/2021\/09\/logo_200-150x150.png"},{"@type":"BreadcrumbList","@id":"https:\/\/kusaona.gospodarstvo-ferbezar.com\/en\/contact\/#breadcrumb","itemListElement":[{"@type":"ListItem","position":1,"name":"Home","item":"https:\/\/kusaona.gospodarstvo-ferbezar.com\/"},{"@type":"ListItem","position":2,"name":"CONTACT"}]},{"@type":"WebSite","@id":"https:\/\/kusaona.gospodarstvo-ferbezar.com\/#website","url":"https:\/\/kusaona.gospodarstvo-ferbezar.com\/","name":"OPG FERBE\u017dAR","description":"Ku\u0161aona, OPG, gospodarstvo, uzgoj, doma\u0107a hrana","publisher":{"@id":"https:\/\/kusaona.gospodarstvo-ferbezar.com\/#organization"},"potentialAction":[{"@type":"SearchAction","target":{"@type":"EntryPoint","urlTemplate":"https:\/\/kusaona.gospodarstvo-ferbezar.com\/?s={search_term_string}"},"query-input":{"@type":"PropertyValueSpecification","valueRequired":true,"valueName":"search_term_string"}}],"inLanguage":"en-US"},{"@type":"Organization","@id":"https:\/\/kusaona.gospodarstvo-ferbezar.com\/#organization","name":"OPG FERBE\u017dAR","url":"https:\/\/kusaona.gospodarstvo-ferbezar.com\/","logo":{"@type":"ImageObject","inLanguage":"en-US","@id":"https:\/\/kusaona.gospodarstvo-ferbezar.com\/#\/schema\/logo\/image\/","url":"https:\/\/kusaona.gospodarstvo-ferbezar.com\/wp-content\/uploads\/2021\/09\/logo_200.png","contentUrl":"https:\/\/kusaona.gospodarstvo-ferbezar.com\/wp-content\/uploads\/2021\/09\/logo_200.png","width":231,"height":200,"caption":"OPG FERBE\u017dAR"},"image":{"@id":"https:\/\/kusaona.gospodarstvo-ferbezar.com\/#\/schema\/logo\/image\/"}}]}},"_links":{"self":[{"href":"https:\/\/kusaona.gospodarstvo-ferbezar.com\/en\/wp-json\/wp\/v2\/pages\/28537","targetHints":{"allow":["GET"]}}],"collection":[{"href":"https:\/\/kusaona.gospodarstvo-ferbezar.com\/en\/wp-json\/wp\/v2\/pages"}],"about":[{"href":"https:\/\/kusaona.gospodarstvo-ferbezar.com\/en\/wp-json\/wp\/v2\/types\/page"}],"author":[{"embeddable":true,"href":"https:\/\/kusaona.gospodarstvo-ferbezar.com\/en\/wp-json\/wp\/v2\/users\/1"}],"replies":[{"embeddable":true,"href":"https:\/\/kusaona.gospodarstvo-ferbezar.com\/en\/wp-json\/wp\/v2\/comments?post=28537"}],"version-history":[{"count":7,"href":"https:\/\/kusaona.gospodarstvo-ferbezar.com\/en\/wp-json\/wp\/v2\/pages\/28537\/revisions"}],"predecessor-version":[{"id":28553,"href":"https:\/\/kusaona.gospodarstvo-ferbezar.com\/en\/wp-json\/wp\/v2\/pages\/28537\/revisions\/28553"}],"wp:attachment":[{"href":"https:\/\/kusaona.gospodarstvo-ferbezar.com\/en\/wp-json\/wp\/v2\/media?parent=28537"}],"curies":[{"name":"wp","href":"https:\/\/api.w.org\/{rel}","templated":true}]}}