{"id":28678,"date":"2025-08-26T16:53:07","date_gmt":"2025-08-26T14:53:07","guid":{"rendered":"https:\/\/kusaona.gospodarstvo-ferbezar.com\/?page_id=28678"},"modified":"2025-08-26T16:54:08","modified_gmt":"2025-08-26T14:54:08","slug":"galerie","status":"publish","type":"page","link":"https:\/\/kusaona.gospodarstvo-ferbezar.com\/de\/galerie\/","title":{"rendered":"GALERIE"},"content":{"rendered":"\t\t<div data-elementor-type=\"wp-page\" data-elementor-id=\"28678\" class=\"elementor elementor-28678 elementor-28646\">\n\t\t\t\t<div class=\"wd-negative-gap elementor-element elementor-element-dac22a8 e-flex e-con-boxed e-con e-parent\" data-id=\"dac22a8\" data-element_type=\"container\">\n\t\t\t\t\t<div class=\"e-con-inner\">\n\t\t\t\t<div class=\"elementor-element elementor-element-74735d9 wd_scroll_y_20 wd-parallax-on-scroll wd-width-100 wd_scroll_smoothness_30 elementor-widget elementor-widget-wd_title\" data-id=\"74735d9\" data-element_type=\"widget\" data-widget_type=\"wd_title.default\">\n\t\t\t\t<div class=\"elementor-widget-container\">\n\t\t\t\t\t\t\t<div class=\"title-wrapper wd-set-mb reset-last-child wd-title-color-default wd-title-style-default wd-title-size-default text-center\">\n\n\t\t\t\n\t\t\t<div class=\"liner-continer\">\n\t\t\t\t<h4 class=\"woodmart-title-container title wd-fontsize-l\">Verkostungsraum<\/h4> \n\t\t\t\t\t\t\t<\/div>\n\n\t\t\t\t\t<\/div>\n\t\t\t\t\t\t<\/div>\n\t\t\t\t<\/div>\n\t\t\t\t\t<\/div>\n\t\t\t\t<\/div>\n\t\t<div class=\"wd-negative-gap elementor-element elementor-element-b9f1fe5 e-flex e-con-boxed e-con e-parent\" data-id=\"b9f1fe5\" data-element_type=\"container\">\n\t\t\t\t\t<div class=\"e-con-inner\">\n\t\t\t\t<div class=\"elementor-element elementor-element-225ad33 wd-width-100 elementor-widget elementor-widget-wd_images_gallery\" data-id=\"225ad33\" data-element_type=\"widget\" data-widget_type=\"wd_images_gallery.default\">\n\t\t\t\t<div class=\"elementor-widget-container\">\n\t\t\t\t\t\t\t<div class=\"wd-images-gallery photoswipe-images\" style=\"--wd-align-items:center; --wd-justify-content:center;\">\n\t\t\t\t\t\t<div class=\"wd-grid-g\" style=\"--wd-col-lg:3;--wd-col-md:3;--wd-col-sm:1;--wd-gap-lg:2px;\" >\n\t\t\t\t\t\t\t\t\t\t\t\t\t\t\t\t\t\t<div class=\"wd-gallery-item wd-col\">\n\t\t\t\t\t\t\t\t\t\t\t\t\t<a  href=\"https:\/\/kusaona.gospodarstvo-ferbezar.com\/wp-content\/uploads\/2025\/08\/Matanovic-18-scaled.jpg\" data-width=\"2560\" data-height=\"1440\" data-index=\"1\" data-elementor-open-lightbox=\"no\">\n\t\t\t\t\t\t\n\t\t\t\t\t\t<img fetchpriority=\"high\" decoding=\"async\" width=\"400\" height=\"300\" src=\"https:\/\/kusaona.gospodarstvo-ferbezar.com\/wp-content\/uploads\/2025\/08\/Matanovic-18-scaled-400x300.jpg\" class=\"attachment-400x300 size-400x300\" alt=\"Matanovic\u0301-18\" \/>\n\t\t\t\t\t\t\t\t\t\t\t\t\t<\/a>\n\t\t\t\t\t\t\t\t\t\t\t<\/div>\n\t\t\t\t\t\t\t\t\t\t\t\t\t\t\t<div class=\"wd-gallery-item wd-col\">\n\t\t\t\t\t\t\t\t\t\t\t\t\t<a  href=\"https:\/\/kusaona.gospodarstvo-ferbezar.com\/wp-content\/uploads\/2024\/02\/Matanovic-13-scaled.jpg\" data-width=\"2560\" data-height=\"1707\" data-index=\"2\" data-elementor-open-lightbox=\"no\">\n\t\t\t\t\t\t\n\t\t\t\t\t\t<img decoding=\"async\" width=\"400\" height=\"300\" src=\"https:\/\/kusaona.gospodarstvo-ferbezar.com\/wp-content\/uploads\/2024\/02\/Matanovic-13-scaled-400x300.jpg\" class=\"attachment-400x300 size-400x300\" alt=\"Matanovic\u0301-13\" \/>\n\t\t\t\t\t\t\t\t\t\t\t\t\t<\/a>\n\t\t\t\t\t\t\t\t\t\t\t<\/div>\n\t\t\t\t\t\t\t\t\t\t\t\t\t\t\t<div class=\"wd-gallery-item wd-col\">\n\t\t\t\t\t\t\t\t\t\t\t\t\t<a  href=\"https:\/\/kusaona.gospodarstvo-ferbezar.com\/wp-content\/uploads\/2025\/08\/DSC_4388-scaled.jpg\" data-width=\"2560\" data-height=\"1707\" data-index=\"3\" data-elementor-open-lightbox=\"no\">\n\t\t\t\t\t\t\n\t\t\t\t\t\t<img decoding=\"async\" width=\"400\" height=\"300\" src=\"https:\/\/kusaona.gospodarstvo-ferbezar.com\/wp-content\/uploads\/2025\/08\/DSC_4388-scaled-400x300.jpg\" class=\"attachment-400x300 size-400x300\" alt=\"DSC_4388\" \/>\n\t\t\t\t\t\t\t\t\t\t\t\t\t<\/a>\n\t\t\t\t\t\t\t\t\t\t\t<\/div>\n\t\t\t\t\t\t\t\t\t\t\t\t\t\t\t<div class=\"wd-gallery-item wd-col\">\n\t\t\t\t\t\t\t\t\t\t\t\t\t<a  href=\"https:\/\/kusaona.gospodarstvo-ferbezar.com\/wp-content\/uploads\/2025\/08\/Matanovic-6-scaled.jpg\" data-width=\"2421\" data-height=\"2560\" data-index=\"4\" data-elementor-open-lightbox=\"no\">\n\t\t\t\t\t\t\n\t\t\t\t\t\t<img loading=\"lazy\" decoding=\"async\" width=\"400\" height=\"300\" src=\"https:\/\/kusaona.gospodarstvo-ferbezar.com\/wp-content\/uploads\/2025\/08\/Matanovic-6-scaled-400x300.jpg\" class=\"attachment-400x300 size-400x300\" alt=\"Matanovic\u0301-6\" \/>\n\t\t\t\t\t\t\t\t\t\t\t\t\t<\/a>\n\t\t\t\t\t\t\t\t\t\t\t<\/div>\n\t\t\t\t\t\t\t\t\t\t\t\t\t\t\t<div class=\"wd-gallery-item wd-col\">\n\t\t\t\t\t\t\t\t\t\t\t\t\t<a  href=\"https:\/\/kusaona.gospodarstvo-ferbezar.com\/wp-content\/uploads\/2025\/08\/Matanovic-3-scaled.jpg\" data-width=\"2560\" data-height=\"1707\" data-index=\"5\" data-elementor-open-lightbox=\"no\">\n\t\t\t\t\t\t\n\t\t\t\t\t\t<img loading=\"lazy\" decoding=\"async\" width=\"400\" height=\"300\" src=\"https:\/\/kusaona.gospodarstvo-ferbezar.com\/wp-content\/uploads\/2025\/08\/Matanovic-3-scaled-400x300.jpg\" class=\"attachment-400x300 size-400x300\" alt=\"Matanovic\u0301-3\" \/>\n\t\t\t\t\t\t\t\t\t\t\t\t\t<\/a>\n\t\t\t\t\t\t\t\t\t\t\t<\/div>\n\t\t\t\t\t\t\t\t\t\t\t\t\t\t\t<div class=\"wd-gallery-item wd-col\">\n\t\t\t\t\t\t\t\t\t\t\t\t\t<a  href=\"https:\/\/kusaona.gospodarstvo-ferbezar.com\/wp-content\/uploads\/2025\/08\/Matanovic-2-scaled.jpg\" data-width=\"1707\" data-height=\"2560\" data-index=\"6\" data-elementor-open-lightbox=\"no\">\n\t\t\t\t\t\t\n\t\t\t\t\t\t<img loading=\"lazy\" decoding=\"async\" width=\"400\" height=\"300\" src=\"https:\/\/kusaona.gospodarstvo-ferbezar.com\/wp-content\/uploads\/2025\/08\/Matanovic-2-scaled-400x300.jpg\" class=\"attachment-400x300 size-400x300\" alt=\"Matanovic\u0301-2\" \/>\n\t\t\t\t\t\t\t\t\t\t\t\t\t<\/a>\n\t\t\t\t\t\t\t\t\t\t\t<\/div>\n\t\t\t\t\t\t\t\t\t\t\t\t\t\t\t<div class=\"wd-gallery-item wd-col\">\n\t\t\t\t\t\t\t\t\t\t\t\t\t<a  href=\"https:\/\/kusaona.gospodarstvo-ferbezar.com\/wp-content\/uploads\/2025\/08\/DSC_4505-scaled.jpg\" data-width=\"2560\" data-height=\"1707\" data-index=\"7\" data-elementor-open-lightbox=\"no\">\n\t\t\t\t\t\t\n\t\t\t\t\t\t<img loading=\"lazy\" decoding=\"async\" width=\"400\" height=\"300\" src=\"https:\/\/kusaona.gospodarstvo-ferbezar.com\/wp-content\/uploads\/2025\/08\/DSC_4505-scaled-400x300.jpg\" class=\"attachment-400x300 size-400x300\" alt=\"DSC_4505\" \/>\n\t\t\t\t\t\t\t\t\t\t\t\t\t<\/a>\n\t\t\t\t\t\t\t\t\t\t\t<\/div>\n\t\t\t\t\t\t\t\t\t\t\t\t\t\t\t<div class=\"wd-gallery-item wd-col\">\n\t\t\t\t\t\t\t\t\t\t\t\t\t<a  href=\"https:\/\/kusaona.gospodarstvo-ferbezar.com\/wp-content\/uploads\/2025\/08\/Matanovic-14-scaled.jpg\" data-width=\"2560\" data-height=\"1707\" data-index=\"8\" data-elementor-open-lightbox=\"no\">\n\t\t\t\t\t\t\n\t\t\t\t\t\t<img loading=\"lazy\" decoding=\"async\" width=\"400\" height=\"300\" src=\"https:\/\/kusaona.gospodarstvo-ferbezar.com\/wp-content\/uploads\/2025\/08\/Matanovic-14-scaled-400x300.jpg\" class=\"attachment-400x300 size-400x300\" alt=\"Matanovic\u0301-14\" \/>\n\t\t\t\t\t\t\t\t\t\t\t\t\t<\/a>\n\t\t\t\t\t\t\t\t\t\t\t<\/div>\n\t\t\t\t\t\t\t\t\t\t\t\t\t\t\t<div class=\"wd-gallery-item wd-col\">\n\t\t\t\t\t\t\t\t\t\t\t\t\t<a  href=\"https:\/\/kusaona.gospodarstvo-ferbezar.com\/wp-content\/uploads\/2025\/08\/Matanovic-15-scaled.jpg\" data-width=\"2560\" data-height=\"1707\" data-index=\"9\" data-elementor-open-lightbox=\"no\">\n\t\t\t\t\t\t\n\t\t\t\t\t\t<img loading=\"lazy\" decoding=\"async\" width=\"400\" height=\"300\" src=\"https:\/\/kusaona.gospodarstvo-ferbezar.com\/wp-content\/uploads\/2025\/08\/Matanovic-15-scaled-400x300.jpg\" class=\"attachment-400x300 size-400x300\" alt=\"Matanovic\u0301-15\" \/>\n\t\t\t\t\t\t\t\t\t\t\t\t\t<\/a>\n\t\t\t\t\t\t\t\t\t\t\t<\/div>\n\t\t\t\t\t\t\t\t\t\t\t\t\t\t\t<div class=\"wd-gallery-item wd-col\">\n\t\t\t\t\t\t\t\t\t\t\t\t\t<a  href=\"https:\/\/kusaona.gospodarstvo-ferbezar.com\/wp-content\/uploads\/2025\/08\/DSC_4407-scaled.jpg\" data-width=\"2560\" data-height=\"1707\" data-index=\"10\" data-elementor-open-lightbox=\"no\">\n\t\t\t\t\t\t\n\t\t\t\t\t\t<img loading=\"lazy\" decoding=\"async\" width=\"400\" height=\"300\" src=\"https:\/\/kusaona.gospodarstvo-ferbezar.com\/wp-content\/uploads\/2025\/08\/DSC_4407-scaled-400x300.jpg\" class=\"attachment-400x300 size-400x300\" alt=\"DSC_4407\" \/>\n\t\t\t\t\t\t\t\t\t\t\t\t\t<\/a>\n\t\t\t\t\t\t\t\t\t\t\t<\/div>\n\t\t\t\t\t\t\t\t\t\t\t\t\t\t\t<div class=\"wd-gallery-item wd-col\">\n\t\t\t\t\t\t\t\t\t\t\t\t\t<a  href=\"https:\/\/kusaona.gospodarstvo-ferbezar.com\/wp-content\/uploads\/2025\/08\/DSC_4404-scaled.jpg\" data-width=\"2560\" data-height=\"1707\" data-index=\"11\" data-elementor-open-lightbox=\"no\">\n\t\t\t\t\t\t\n\t\t\t\t\t\t<img loading=\"lazy\" decoding=\"async\" width=\"400\" height=\"300\" src=\"https:\/\/kusaona.gospodarstvo-ferbezar.com\/wp-content\/uploads\/2025\/08\/DSC_4404-scaled-400x300.jpg\" class=\"attachment-400x300 size-400x300\" alt=\"DSC_4404\" \/>\n\t\t\t\t\t\t\t\t\t\t\t\t\t<\/a>\n\t\t\t\t\t\t\t\t\t\t\t<\/div>\n\t\t\t\t\t\t\t\t\t\t\t\t\t\t\t<div class=\"wd-gallery-item wd-col\">\n\t\t\t\t\t\t\t\t\t\t\t\t\t<a  href=\"https:\/\/kusaona.gospodarstvo-ferbezar.com\/wp-content\/uploads\/2025\/08\/DSC_4403-scaled.jpg\" data-width=\"1707\" data-height=\"2560\" data-index=\"12\" data-elementor-open-lightbox=\"no\">\n\t\t\t\t\t\t\n\t\t\t\t\t\t<img loading=\"lazy\" decoding=\"async\" width=\"400\" height=\"300\" src=\"https:\/\/kusaona.gospodarstvo-ferbezar.com\/wp-content\/uploads\/2025\/08\/DSC_4403-scaled-400x300.jpg\" class=\"attachment-400x300 size-400x300\" alt=\"DSC_4403\" \/>\n\t\t\t\t\t\t\t\t\t\t\t\t\t<\/a>\n\t\t\t\t\t\t\t\t\t\t\t<\/div>\n\t\t\t\t\t\t\t\t\t\t\t\t\t\t\t<div class=\"wd-gallery-item wd-col\">\n\t\t\t\t\t\t\t\t\t\t\t\t\t<a  href=\"https:\/\/kusaona.gospodarstvo-ferbezar.com\/wp-content\/uploads\/2025\/08\/DSC_4401-scaled.jpg\" data-width=\"2560\" data-height=\"1707\" data-index=\"13\" data-elementor-open-lightbox=\"no\">\n\t\t\t\t\t\t\n\t\t\t\t\t\t<img loading=\"lazy\" decoding=\"async\" width=\"400\" height=\"300\" src=\"https:\/\/kusaona.gospodarstvo-ferbezar.com\/wp-content\/uploads\/2025\/08\/DSC_4401-scaled-400x300.jpg\" class=\"attachment-400x300 size-400x300\" alt=\"DSC_4401\" \/>\n\t\t\t\t\t\t\t\t\t\t\t\t\t<\/a>\n\t\t\t\t\t\t\t\t\t\t\t<\/div>\n\t\t\t\t\t\t\t\t\t\t\t\t\t\t\t<div class=\"wd-gallery-item wd-col\">\n\t\t\t\t\t\t\t\t\t\t\t\t\t<a  href=\"https:\/\/kusaona.gospodarstvo-ferbezar.com\/wp-content\/uploads\/2025\/08\/DSC_4403-1-scaled.jpg\" data-width=\"1707\" data-height=\"2560\" data-index=\"14\" data-elementor-open-lightbox=\"no\">\n\t\t\t\t\t\t\n\t\t\t\t\t\t<img loading=\"lazy\" decoding=\"async\" width=\"400\" height=\"300\" src=\"https:\/\/kusaona.gospodarstvo-ferbezar.com\/wp-content\/uploads\/2025\/08\/DSC_4403-1-scaled-400x300.jpg\" class=\"attachment-400x300 size-400x300\" alt=\"DSC_4403\" \/>\n\t\t\t\t\t\t\t\t\t\t\t\t\t<\/a>\n\t\t\t\t\t\t\t\t\t\t\t<\/div>\n\t\t\t\t\t\t\t\t\t\t\t\t\t\t\t<div class=\"wd-gallery-item wd-col\">\n\t\t\t\t\t\t\t\t\t\t\t\t\t<a  href=\"https:\/\/kusaona.gospodarstvo-ferbezar.com\/wp-content\/uploads\/2025\/08\/DSC_4404-1-scaled.jpg\" data-width=\"2560\" data-height=\"1707\" data-index=\"15\" data-elementor-open-lightbox=\"no\">\n\t\t\t\t\t\t\n\t\t\t\t\t\t<img loading=\"lazy\" decoding=\"async\" width=\"400\" height=\"300\" src=\"https:\/\/kusaona.gospodarstvo-ferbezar.com\/wp-content\/uploads\/2025\/08\/DSC_4404-1-scaled-400x300.jpg\" class=\"attachment-400x300 size-400x300\" alt=\"DSC_4404\" \/>\n\t\t\t\t\t\t\t\t\t\t\t\t\t<\/a>\n\t\t\t\t\t\t\t\t\t\t\t<\/div>\n\t\t\t\t\t\t\t\t\t\t\t\t\t\t\t<div class=\"wd-gallery-item wd-col\">\n\t\t\t\t\t\t\t\t\t\t\t\t\t<a  href=\"https:\/\/kusaona.gospodarstvo-ferbezar.com\/wp-content\/uploads\/2025\/08\/DSC_4412-1-scaled.jpg\" data-width=\"1707\" data-height=\"2560\" data-index=\"16\" data-elementor-open-lightbox=\"no\">\n\t\t\t\t\t\t\n\t\t\t\t\t\t<img loading=\"lazy\" decoding=\"async\" width=\"400\" height=\"300\" src=\"https:\/\/kusaona.gospodarstvo-ferbezar.com\/wp-content\/uploads\/2025\/08\/DSC_4412-1-scaled-400x300.jpg\" class=\"attachment-400x300 size-400x300\" alt=\"DSC_4412\" \/>\n\t\t\t\t\t\t\t\t\t\t\t\t\t<\/a>\n\t\t\t\t\t\t\t\t\t\t\t<\/div>\n\t\t\t\t\t\t\t\t\t\t\t\t\t\t\t<div class=\"wd-gallery-item wd-col\">\n\t\t\t\t\t\t\t\t\t\t\t\t\t<a  href=\"https:\/\/kusaona.gospodarstvo-ferbezar.com\/wp-content\/uploads\/2025\/08\/DSC_4505-1-scaled.jpg\" data-width=\"2560\" data-height=\"1707\" data-index=\"17\" data-elementor-open-lightbox=\"no\">\n\t\t\t\t\t\t\n\t\t\t\t\t\t<img loading=\"lazy\" decoding=\"async\" width=\"400\" height=\"300\" src=\"https:\/\/kusaona.gospodarstvo-ferbezar.com\/wp-content\/uploads\/2025\/08\/DSC_4505-1-scaled-400x300.jpg\" class=\"attachment-400x300 size-400x300\" alt=\"DSC_4505\" \/>\n\t\t\t\t\t\t\t\t\t\t\t\t\t<\/a>\n\t\t\t\t\t\t\t\t\t\t\t<\/div>\n\t\t\t\t\t\t\t\t\t\t\t\t\t\t\t<div class=\"wd-gallery-item wd-col\">\n\t\t\t\t\t\t\t\t\t\t\t\t\t<a  href=\"https:\/\/kusaona.gospodarstvo-ferbezar.com\/wp-content\/uploads\/2025\/08\/Matanovic-11-scaled.jpg\" data-width=\"2560\" data-height=\"1707\" data-index=\"18\" data-elementor-open-lightbox=\"no\">\n\t\t\t\t\t\t\n\t\t\t\t\t\t<img loading=\"lazy\" decoding=\"async\" width=\"400\" height=\"300\" src=\"https:\/\/kusaona.gospodarstvo-ferbezar.com\/wp-content\/uploads\/2025\/08\/Matanovic-11-scaled-400x300.jpg\" class=\"attachment-400x300 size-400x300\" alt=\"Matanovic\u0301-11\" \/>\n\t\t\t\t\t\t\t\t\t\t\t\t\t<\/a>\n\t\t\t\t\t\t\t\t\t\t\t<\/div>\n\t\t\t\t\t\t\t\t\t\t\t\t\t\t\t<div class=\"wd-gallery-item wd-col\">\n\t\t\t\t\t\t\t\t\t\t\t\t\t<a  href=\"https:\/\/kusaona.gospodarstvo-ferbezar.com\/wp-content\/uploads\/2025\/08\/Matanovic-19-scaled.jpg\" data-width=\"1707\" data-height=\"2560\" data-index=\"19\" data-elementor-open-lightbox=\"no\">\n\t\t\t\t\t\t\n\t\t\t\t\t\t<img loading=\"lazy\" decoding=\"async\" width=\"400\" height=\"300\" src=\"https:\/\/kusaona.gospodarstvo-ferbezar.com\/wp-content\/uploads\/2025\/08\/Matanovic-19-scaled-400x300.jpg\" class=\"attachment-400x300 size-400x300\" alt=\"Matanovic\u0301-19\" \/>\n\t\t\t\t\t\t\t\t\t\t\t\t\t<\/a>\n\t\t\t\t\t\t\t\t\t\t\t<\/div>\n\t\t\t\t\t\t\t\t\t\t\t\t\t<\/div>\n\t\t\t\t\t<\/div>\n\t\t\t\t\t\t<\/div>\n\t\t\t\t<\/div>\n\t\t\t\t\t<\/div>\n\t\t\t\t<\/div>\n\t\t\t\t<\/div>\n\t\t","protected":false},"excerpt":{"rendered":"<p>Verkostungsraum<\/p>\n","protected":false},"author":1,"featured_media":0,"parent":0,"menu_order":2,"comment_status":"closed","ping_status":"closed","template":"","meta":{"footnotes":""},"class_list":["post-28678","page","type-page","status-publish","hentry"],"yoast_head":"<!-- This site is optimized with the Yoast SEO plugin v27.2 - https:\/\/yoast.com\/product\/yoast-seo-wordpress\/ -->\n<title>GALERIE - KU\u0160AONA OPG FERBE\u017dAR<\/title>\n<meta name=\"robots\" content=\"index, follow, max-snippet:-1, max-image-preview:large, max-video-preview:-1\" \/>\n<link rel=\"canonical\" href=\"https:\/\/kusaona.gospodarstvo-ferbezar.com\/de\/galerie\/\" \/>\n<meta property=\"og:locale\" content=\"de_DE\" \/>\n<meta property=\"og:type\" content=\"article\" \/>\n<meta property=\"og:title\" content=\"GALERIE - KU\u0160AONA OPG FERBE\u017dAR\" \/>\n<meta property=\"og:description\" content=\"Verkostungsraum\" \/>\n<meta property=\"og:url\" content=\"https:\/\/kusaona.gospodarstvo-ferbezar.com\/de\/galerie\/\" \/>\n<meta property=\"og:site_name\" content=\"KU\u0160AONA OPG FERBE\u017dAR\" \/>\n<meta property=\"article:modified_time\" content=\"2025-08-26T14:54:08+00:00\" \/>\n<meta property=\"og:image\" content=\"https:\/\/kusaona.gospodarstvo-ferbezar.com\/wp-content\/uploads\/2025\/08\/Matanovic-18-scaled-400x300.jpg\" \/>\n<meta name=\"twitter:card\" content=\"summary_large_image\" \/>\n<script type=\"application\/ld+json\" class=\"yoast-schema-graph\">{\"@context\":\"https:\/\/schema.org\",\"@graph\":[{\"@type\":\"WebPage\",\"@id\":\"https:\/\/kusaona.gospodarstvo-ferbezar.com\/de\/galerie\/\",\"url\":\"https:\/\/kusaona.gospodarstvo-ferbezar.com\/de\/galerie\/\",\"name\":\"GALERIE - KU\u0160AONA OPG FERBE\u017dAR\",\"isPartOf\":{\"@id\":\"https:\/\/kusaona.gospodarstvo-ferbezar.com\/#website\"},\"primaryImageOfPage\":{\"@id\":\"https:\/\/kusaona.gospodarstvo-ferbezar.com\/de\/galerie\/#primaryimage\"},\"image\":{\"@id\":\"https:\/\/kusaona.gospodarstvo-ferbezar.com\/de\/galerie\/#primaryimage\"},\"thumbnailUrl\":\"https:\/\/kusaona.gospodarstvo-ferbezar.com\/wp-content\/uploads\/2025\/08\/Matanovic-18-scaled-400x300.jpg\",\"datePublished\":\"2025-08-26T14:53:07+00:00\",\"dateModified\":\"2025-08-26T14:54:08+00:00\",\"breadcrumb\":{\"@id\":\"https:\/\/kusaona.gospodarstvo-ferbezar.com\/de\/galerie\/#breadcrumb\"},\"inLanguage\":\"de\",\"potentialAction\":[{\"@type\":\"ReadAction\",\"target\":[\"https:\/\/kusaona.gospodarstvo-ferbezar.com\/de\/galerie\/\"]}]},{\"@type\":\"ImageObject\",\"inLanguage\":\"de\",\"@id\":\"https:\/\/kusaona.gospodarstvo-ferbezar.com\/de\/galerie\/#primaryimage\",\"url\":\"https:\/\/kusaona.gospodarstvo-ferbezar.com\/wp-content\/uploads\/2025\/08\/Matanovic-18-scaled-400x300.jpg\",\"contentUrl\":\"https:\/\/kusaona.gospodarstvo-ferbezar.com\/wp-content\/uploads\/2025\/08\/Matanovic-18-scaled-400x300.jpg\"},{\"@type\":\"BreadcrumbList\",\"@id\":\"https:\/\/kusaona.gospodarstvo-ferbezar.com\/de\/galerie\/#breadcrumb\",\"itemListElement\":[{\"@type\":\"ListItem\",\"position\":1,\"name\":\"Home\",\"item\":\"https:\/\/kusaona.gospodarstvo-ferbezar.com\/\"},{\"@type\":\"ListItem\",\"position\":2,\"name\":\"GALERIE\"}]},{\"@type\":\"WebSite\",\"@id\":\"https:\/\/kusaona.gospodarstvo-ferbezar.com\/#website\",\"url\":\"https:\/\/kusaona.gospodarstvo-ferbezar.com\/\",\"name\":\"OPG FERBE\u017dAR\",\"description\":\"Ku\u0161aona, OPG, gospodarstvo, uzgoj, doma\u0107a hrana\",\"publisher\":{\"@id\":\"https:\/\/kusaona.gospodarstvo-ferbezar.com\/#organization\"},\"potentialAction\":[{\"@type\":\"SearchAction\",\"target\":{\"@type\":\"EntryPoint\",\"urlTemplate\":\"https:\/\/kusaona.gospodarstvo-ferbezar.com\/?s={search_term_string}\"},\"query-input\":{\"@type\":\"PropertyValueSpecification\",\"valueRequired\":true,\"valueName\":\"search_term_string\"}}],\"inLanguage\":\"de\"},{\"@type\":\"Organization\",\"@id\":\"https:\/\/kusaona.gospodarstvo-ferbezar.com\/#organization\",\"name\":\"OPG FERBE\u017dAR\",\"url\":\"https:\/\/kusaona.gospodarstvo-ferbezar.com\/\",\"logo\":{\"@type\":\"ImageObject\",\"inLanguage\":\"de\",\"@id\":\"https:\/\/kusaona.gospodarstvo-ferbezar.com\/#\/schema\/logo\/image\/\",\"url\":\"https:\/\/kusaona.gospodarstvo-ferbezar.com\/wp-content\/uploads\/2021\/09\/logo_200.png\",\"contentUrl\":\"https:\/\/kusaona.gospodarstvo-ferbezar.com\/wp-content\/uploads\/2021\/09\/logo_200.png\",\"width\":231,\"height\":200,\"caption\":\"OPG FERBE\u017dAR\"},\"image\":{\"@id\":\"https:\/\/kusaona.gospodarstvo-ferbezar.com\/#\/schema\/logo\/image\/\"}}]}<\/script>\n<!-- \/ Yoast SEO plugin. -->","yoast_head_json":{"title":"GALERIE - KU\u0160AONA OPG FERBE\u017dAR","robots":{"index":"index","follow":"follow","max-snippet":"max-snippet:-1","max-image-preview":"max-image-preview:large","max-video-preview":"max-video-preview:-1"},"canonical":"https:\/\/kusaona.gospodarstvo-ferbezar.com\/de\/galerie\/","og_locale":"de_DE","og_type":"article","og_title":"GALERIE - KU\u0160AONA OPG FERBE\u017dAR","og_description":"Verkostungsraum","og_url":"https:\/\/kusaona.gospodarstvo-ferbezar.com\/de\/galerie\/","og_site_name":"KU\u0160AONA OPG FERBE\u017dAR","article_modified_time":"2025-08-26T14:54:08+00:00","og_image":[{"url":"https:\/\/kusaona.gospodarstvo-ferbezar.com\/wp-content\/uploads\/2025\/08\/Matanovic-18-scaled-400x300.jpg","type":"","width":"","height":""}],"twitter_card":"summary_large_image","schema":{"@context":"https:\/\/schema.org","@graph":[{"@type":"WebPage","@id":"https:\/\/kusaona.gospodarstvo-ferbezar.com\/de\/galerie\/","url":"https:\/\/kusaona.gospodarstvo-ferbezar.com\/de\/galerie\/","name":"GALERIE - KU\u0160AONA OPG FERBE\u017dAR","isPartOf":{"@id":"https:\/\/kusaona.gospodarstvo-ferbezar.com\/#website"},"primaryImageOfPage":{"@id":"https:\/\/kusaona.gospodarstvo-ferbezar.com\/de\/galerie\/#primaryimage"},"image":{"@id":"https:\/\/kusaona.gospodarstvo-ferbezar.com\/de\/galerie\/#primaryimage"},"thumbnailUrl":"https:\/\/kusaona.gospodarstvo-ferbezar.com\/wp-content\/uploads\/2025\/08\/Matanovic-18-scaled-400x300.jpg","datePublished":"2025-08-26T14:53:07+00:00","dateModified":"2025-08-26T14:54:08+00:00","breadcrumb":{"@id":"https:\/\/kusaona.gospodarstvo-ferbezar.com\/de\/galerie\/#breadcrumb"},"inLanguage":"de","potentialAction":[{"@type":"ReadAction","target":["https:\/\/kusaona.gospodarstvo-ferbezar.com\/de\/galerie\/"]}]},{"@type":"ImageObject","inLanguage":"de","@id":"https:\/\/kusaona.gospodarstvo-ferbezar.com\/de\/galerie\/#primaryimage","url":"https:\/\/kusaona.gospodarstvo-ferbezar.com\/wp-content\/uploads\/2025\/08\/Matanovic-18-scaled-400x300.jpg","contentUrl":"https:\/\/kusaona.gospodarstvo-ferbezar.com\/wp-content\/uploads\/2025\/08\/Matanovic-18-scaled-400x300.jpg"},{"@type":"BreadcrumbList","@id":"https:\/\/kusaona.gospodarstvo-ferbezar.com\/de\/galerie\/#breadcrumb","itemListElement":[{"@type":"ListItem","position":1,"name":"Home","item":"https:\/\/kusaona.gospodarstvo-ferbezar.com\/"},{"@type":"ListItem","position":2,"name":"GALERIE"}]},{"@type":"WebSite","@id":"https:\/\/kusaona.gospodarstvo-ferbezar.com\/#website","url":"https:\/\/kusaona.gospodarstvo-ferbezar.com\/","name":"OPG FERBE\u017dAR","description":"Ku\u0161aona, OPG, gospodarstvo, uzgoj, doma\u0107a hrana","publisher":{"@id":"https:\/\/kusaona.gospodarstvo-ferbezar.com\/#organization"},"potentialAction":[{"@type":"SearchAction","target":{"@type":"EntryPoint","urlTemplate":"https:\/\/kusaona.gospodarstvo-ferbezar.com\/?s={search_term_string}"},"query-input":{"@type":"PropertyValueSpecification","valueRequired":true,"valueName":"search_term_string"}}],"inLanguage":"de"},{"@type":"Organization","@id":"https:\/\/kusaona.gospodarstvo-ferbezar.com\/#organization","name":"OPG FERBE\u017dAR","url":"https:\/\/kusaona.gospodarstvo-ferbezar.com\/","logo":{"@type":"ImageObject","inLanguage":"de","@id":"https:\/\/kusaona.gospodarstvo-ferbezar.com\/#\/schema\/logo\/image\/","url":"https:\/\/kusaona.gospodarstvo-ferbezar.com\/wp-content\/uploads\/2021\/09\/logo_200.png","contentUrl":"https:\/\/kusaona.gospodarstvo-ferbezar.com\/wp-content\/uploads\/2021\/09\/logo_200.png","width":231,"height":200,"caption":"OPG FERBE\u017dAR"},"image":{"@id":"https:\/\/kusaona.gospodarstvo-ferbezar.com\/#\/schema\/logo\/image\/"}}]}},"_links":{"self":[{"href":"https:\/\/kusaona.gospodarstvo-ferbezar.com\/de\/wp-json\/wp\/v2\/pages\/28678","targetHints":{"allow":["GET"]}}],"collection":[{"href":"https:\/\/kusaona.gospodarstvo-ferbezar.com\/de\/wp-json\/wp\/v2\/pages"}],"about":[{"href":"https:\/\/kusaona.gospodarstvo-ferbezar.com\/de\/wp-json\/wp\/v2\/types\/page"}],"author":[{"embeddable":true,"href":"https:\/\/kusaona.gospodarstvo-ferbezar.com\/de\/wp-json\/wp\/v2\/users\/1"}],"replies":[{"embeddable":true,"href":"https:\/\/kusaona.gospodarstvo-ferbezar.com\/de\/wp-json\/wp\/v2\/comments?post=28678"}],"version-history":[{"count":4,"href":"https:\/\/kusaona.gospodarstvo-ferbezar.com\/de\/wp-json\/wp\/v2\/pages\/28678\/revisions"}],"predecessor-version":[{"id":28682,"href":"https:\/\/kusaona.gospodarstvo-ferbezar.com\/de\/wp-json\/wp\/v2\/pages\/28678\/revisions\/28682"}],"wp:attachment":[{"href":"https:\/\/kusaona.gospodarstvo-ferbezar.com\/de\/wp-json\/wp\/v2\/media?parent=28678"}],"curies":[{"name":"wp","href":"https:\/\/api.w.org\/{rel}","templated":true}]}}